{"id":738,"date":"2024-01-16T13:33:21","date_gmt":"2024-01-16T13:33:21","guid":{"rendered":"https:\/\/afrontosas.pt\/?page_id=738"},"modified":"2025-03-24T12:13:41","modified_gmt":"2025-03-24T12:13:41","slug":"atividades-2024","status":"publish","type":"page","link":"https:\/\/afrontosas.pt\/en\/atividades-2024\/","title":{"rendered":"activities 2024"},"content":{"rendered":"<div data-colibri-id=\"738-c1\" class=\"style-485 style-local-738-c1 position-relative\">\n  <!---->\n  <div data-colibri-component=\"section\" data-colibri-id=\"738-c2\" id=\"initial-content\" class=\"h-section h-section-global-spacing d-flex align-items-lg-center align-items-md-center align-items-center style-486 style-local-738-c2 position-relative\">\n    <!---->\n    <!---->\n    <div class=\"h-section-grid-container h-section-boxed-container\">\n      <!---->\n      <div data-colibri-id=\"738-c6\" class=\"h-row-container gutters-row-lg-2 gutters-row-md-2 gutters-row-0 gutters-row-v-lg-2 gutters-row-v-md-2 gutters-row-v-2 style-490 style-local-738-c6 position-relative\">\n        <!---->\n        <div class=\"h-row justify-content-lg-center justify-content-md-center justify-content-center align-items-lg-stretch align-items-md-stretch align-items-stretch gutters-col-lg-2 gutters-col-md-2 gutters-col-0 gutters-col-v-lg-2 gutters-col-v-md-2 gutters-col-v-2\">\n          <!---->\n          <div class=\"h-column h-column-container d-flex h-col-lg-auto h-col-md-auto h-col-auto style-491-outer style-local-738-c7-outer\">\n            <div data-colibri-id=\"738-c7\" class=\"d-flex h-flex-basis h-column__inner h-px-lg-2 h-px-md-2 h-px-2 v-inner-lg-2 v-inner-md-2 v-inner-2 style-491 style-local-738-c7 position-relative\">\n              <!---->\n              <!---->\n              <div class=\"w-100 h-y-container h-column__content h-column__v-align flex-basis-100 align-self-lg-start align-self-md-start align-self-start\">\n                <!---->\n                <div data-colibri-id=\"738-c8\" class=\"h-global-transition-all h-heading style-492 style-local-738-c8 position-relative h-element\">\n                  <!---->\n                  <div class=\"h-heading__outer style-492 style-local-738-c8\">\n                    <!---->\n                    <!---->\n                    <h1 class=\"\">ATIVIDADES 2024<\/h1>\n                  <\/div>\n                <\/div>\n                <div data-colibri-id=\"738-c9\" class=\"h-text h-text-component style-493 style-local-738-c9 position-relative h-element\">\n                  <!---->\n                  <!---->\n                  <div class=\"\">\n                    <p><strong>Janeiro 2024<\/strong>\n                      <br><strong>Reuni\u00e3o com ENAR&nbsp;<\/strong>\u2013 European Network Against Racism\n                      <br>Consolida\u00e7\u00e3o da inclus\u00e3o do coletivo afrontosas como membro associado \u2013 04 de Janeiro<\/p>\n                    <p><strong>Fevereiro 2024<\/strong>\n                      <br>Ativa\u00e7\u00e3o de Projeto \u2013&nbsp;<strong>Performance e talk&nbsp;<\/strong>\n                      <br>Kalunga: Por uma ecologia negra e cu\u00edr&nbsp;23 de fevereiro\n                      <br>Hangar Centro de Investiga\u00e7\u00e3o Art\u00edstica \u2013 Lisboa<\/p>\n                    <p><strong>Produ\u00e7\u00e3o \u2013 evento de Carnaval<\/strong>\n                      <br>Damas Bar \u2013 Sala de Concertos \u2013 10 de Fevereiro<\/p>\n                    <p><strong>Maio 2024<\/strong>\n                      <br><strong>DIA INTERNACIONAL CONTRA A HOMO, TRANS E BIFOBIA.<\/strong>&nbsp;Apoio Goethe-Institut Lisboa, Ukbar Filmes, Damas e Valsa.&nbsp;\n                      <a href=\"https:\/\/www.goethe.de\/ins\/pt\/pt\/ver.cfm?event_id=25590797\" style=\"color: rgb(55, 55, 57); font-size: 1em; font-weight: 400; font-family: &quot;Didact Gothic&quot;;\">Mais informa\u00e7\u00f5es.<\/a>&nbsp;Filme e conversa com G\u00ea Escobar, Gabi Gomes e Afrontosas. 17 de Maio.<\/p>\n                    <p><strong>Arco \u00cdris no Jardim<\/strong>&nbsp;\u2013 Comemora\u00e7\u00e3o do IDAHOT. Curadoria do Mercado, Dj Set e Performance. Co-produ\u00e7\u00e3po com ILGA Portugal, Junta da Miseric\u00f3rdia e Mercado do Bairro. 18 de Maio<\/p>\n                    <p><strong>Mar\u00e7o 2024<\/strong>\n                      <br><strong>Exposi\u00e7\u00e3o Coletiva<\/strong>. \u201c\u00c9 bonita a festa, p\u00e1!\u201d. 23.03 a 01.06.2024. F\u00f3rum da Bienal de Cerveira\n                      <br>Curadoria de Cristiana Tejo, Helena Mendes Pereira e Nowhere.<\/p>\n                    <p><strong>3\u00ba Ciclo Expositivo do Museu Bienal de Cerveira<\/strong>\n                      <br>Exposi\u00e7\u00e3o \u201c\u00c9 bonita a festa, p\u00e1!\u201d\n                      <br>Obra exposta \u2013 Manto de Cura\n                      <br>23 de mar\u00e7o a 1 de junho de 2024<\/p>\n                    <p><strong>Junho 2024<br>Campus \u2013 Paulo Campos e Silva<\/strong>&nbsp;\u2013 Resid\u00eancia art\u00edstica \u2013 Porto\n                      <br>Projeto Kalunga: Por uma ecologia negra e cu\u00edr.\n                      <br>25 de junho a 07 de julho<\/p>\n                    <p><strong>Teatro do Bairro Alto (TBA)<\/strong>\n                      <br>Falar\/fazer \u2013 Programa\u00e7\u00e3o Discurso TBA \u2013 Lisboa\n                      <br>Workshop \u2013 (A)F(R)ONTEIRA\n                      <br>22 de junho<\/p>\n                    <p><strong>Julho 2024<\/strong>\n                      <br><strong>Espa\u00e7o do Tempo<\/strong>&nbsp;\u2013 Resid\u00eancia Art\u00edstica\n                      <br>Projeto Kalunga: Por uma ecologia negra e cu\u00edr \u2013 Montemor-o-Novo (PT)\n                      <br>08 de julho a 15 de julho<\/p>\n                    <p><strong>Setembro 2024<\/strong>\n                      <br><strong>LACRE \u2013 Laborat\u00f3rio de Arte Cu\u00edr e Resist\u00eancia<\/strong>\n                      <br>Espa\u00e7o Alkantara \u2013 02 A 16 de setembro<\/p>\n                    <p><strong>Outubro 2024<br>PAF \u2013 Perfoming Arts Forum<\/strong>&nbsp;\u2013 Resid\u00eancia Art\u00edstica \u2013 Saint-Ermer \/ Fran\u00e7a\n                      <br>Projeto Kalunga: Por uma ecologia negra e cu\u00edr.<\/p>\n                    <p>\n                      <br>\n                    <\/p>\n                  <\/div>\n                <\/div>\n              <\/div>\n            <\/div>\n          <\/div>\n        <\/div>\n      <\/div>\n    <\/div>\n  <\/div>\n<\/div>","protected":false},"excerpt":{"rendered":"<p>ATIVIDADES 2024 Janeiro 2024 Reuni\u00e3o com ENAR&nbsp;\u2013 European Network Against Racism Consolida\u00e7\u00e3o da [&hellip;]<\/p>\n","protected":false},"author":1,"featured_media":0,"parent":0,"menu_order":0,"comment_status":"closed","ping_status":"closed","template":"page-templates\/full-width-page.php","meta":{"footnotes":"","_links_to":"","_links_to_target":""},"class_list":["post-738","page","type-page","status-publish","hentry"],"_links":{"self":[{"href":"https:\/\/afrontosas.pt\/en\/wp-json\/wp\/v2\/pages\/738","targetHints":{"allow":["GET"]}}],"collection":[{"href":"https:\/\/afrontosas.pt\/en\/wp-json\/wp\/v2\/pages"}],"about":[{"href":"https:\/\/afrontosas.pt\/en\/wp-json\/wp\/v2\/types\/page"}],"author":[{"embeddable":true,"href":"https:\/\/afrontosas.pt\/en\/wp-json\/wp\/v2\/users\/1"}],"replies":[{"embeddable":true,"href":"https:\/\/afrontosas.pt\/en\/wp-json\/wp\/v2\/comments?post=738"}],"version-history":[{"count":8,"href":"https:\/\/afrontosas.pt\/en\/wp-json\/wp\/v2\/pages\/738\/revisions"}],"predecessor-version":[{"id":1809,"href":"https:\/\/afrontosas.pt\/en\/wp-json\/wp\/v2\/pages\/738\/revisions\/1809"}],"wp:attachment":[{"href":"https:\/\/afrontosas.pt\/en\/wp-json\/wp\/v2\/media?parent=738"}],"curies":[{"name":"wp","href":"https:\/\/api.w.org\/{rel}","templated":true}]}}