{"id":325,"date":"2023-06-28T12:33:01","date_gmt":"2023-06-28T12:33:01","guid":{"rendered":"https:\/\/afrontosas.pt\/?page_id=325"},"modified":"2025-03-24T12:05:10","modified_gmt":"2025-03-24T12:05:10","slug":"sobre","status":"publish","type":"page","link":"https:\/\/afrontosas.pt\/en\/sobre\/","title":{"rendered":"about"},"content":{"rendered":"<div data-colibri-id=\"325-c1\" class=\"style-454 style-local-325-c1 position-relative\">\n  <!---->\n  <div data-colibri-component=\"section\" data-colibri-id=\"325-c2\" id=\"initial-content\" class=\"h-section h-section-global-spacing d-flex align-items-lg-center align-items-md-center align-items-center style-455 style-local-325-c2 position-relative\">\n    <!---->\n    <!---->\n    <div class=\"h-section-grid-container h-section-boxed-container\">\n      <!---->\n      <div data-colibri-id=\"325-c6\" class=\"h-row-container gutters-row-lg-2 gutters-row-md-2 gutters-row-0 gutters-row-v-lg-2 gutters-row-v-md-2 gutters-row-v-2 style-459 style-local-325-c6 position-relative\">\n        <!---->\n        <div class=\"h-row justify-content-lg-center justify-content-md-center justify-content-center align-items-lg-stretch align-items-md-stretch align-items-stretch gutters-col-lg-2 gutters-col-md-2 gutters-col-0 gutters-col-v-lg-2 gutters-col-v-md-2 gutters-col-v-2\">\n          <!---->\n          <div class=\"h-column h-column-container d-flex h-col-lg-auto h-col-md-auto h-col-auto style-460-outer style-local-325-c7-outer\">\n            <div data-colibri-id=\"325-c7\" class=\"d-flex h-flex-basis h-column__inner h-px-lg-2 h-px-md-2 h-px-2 v-inner-lg-2 v-inner-md-2 v-inner-2 style-460 style-local-325-c7 position-relative\">\n              <!---->\n              <!---->\n              <div class=\"w-100 h-y-container h-column__content h-column__v-align flex-basis-100 align-self-lg-start align-self-md-start align-self-start\">\n                <!---->\n                <div data-colibri-id=\"325-c8\" class=\"h-global-transition-all h-heading style-461 style-local-325-c8 position-relative h-element\">\n                  <!---->\n                  <div class=\"h-heading__outer style-461 style-local-325-c8\">\n                    <!---->\n                    <!---->\n                    <h1 class=\"\">ABOUT<\/h1>\n                  <\/div>\n                <\/div>\n                <div data-colibri-id=\"325-c9\" class=\"h-text h-text-component style-462 style-local-325-c9 position-relative h-element\">\n                  <!---->\n                  <!---->\n                  <div class=\"\">\n                    <h4>Afrontosas is a cultural association with the aim of promoting queer blackness.<\/h4>\n                    <p>Coletivo Afrontosas is a Cultural Association born from meetings between Black, queer people linked to the world of arts, education and celebration. Its emergence was motivated by the absence of projects reflecting on the importance of queer Blackness in the diaspora in Portugal, in confluence with migratory exchanges from Latin America, Africa and other regions.<\/p>\n                    <p>One of Afrontosa\u2019s objectives is to support, promote and publicise artistic and educational production by Black, queer artists, with the aim of creating intersectional spaces for debate and discussion between cultural agents nationally and internationally.\n                      <br>\n                      <br>We fight against structural racism in the art sector in order to make the artistic field in Portugal more diverse in terms of representation and diversity.<\/p>\n                    <p>The collective aims to be active in five areas: Art and Research; Hospitality and Ancestrality; Consulting and Teaching; Culture and Celebration; and Lifestyle and Fashion Design.<\/p>\n                    <p>\n                      <br>\n                    <\/p>\n                  <\/div>\n                <\/div>\n              <\/div>\n            <\/div>\n          <\/div>\n        <\/div>\n      <\/div>\n    <\/div>\n  <\/div>\n<\/div>","protected":false},"excerpt":{"rendered":"<p>SOBRE N\u00d3S Afrontosas \u00e9 uma Associa\u00e7\u00e3o Cultural com o objetivo de promover a [&hellip;]<\/p>\n","protected":false},"author":1,"featured_media":0,"parent":0,"menu_order":0,"comment_status":"closed","ping_status":"closed","template":"page-templates\/full-width-page.php","meta":{"footnotes":"","_links_to":"","_links_to_target":""},"class_list":["post-325","page","type-page","status-publish","hentry"],"_links":{"self":[{"href":"https:\/\/afrontosas.pt\/en\/wp-json\/wp\/v2\/pages\/325","targetHints":{"allow":["GET"]}}],"collection":[{"href":"https:\/\/afrontosas.pt\/en\/wp-json\/wp\/v2\/pages"}],"about":[{"href":"https:\/\/afrontosas.pt\/en\/wp-json\/wp\/v2\/types\/page"}],"author":[{"embeddable":true,"href":"https:\/\/afrontosas.pt\/en\/wp-json\/wp\/v2\/users\/1"}],"replies":[{"embeddable":true,"href":"https:\/\/afrontosas.pt\/en\/wp-json\/wp\/v2\/comments?post=325"}],"version-history":[{"count":8,"href":"https:\/\/afrontosas.pt\/en\/wp-json\/wp\/v2\/pages\/325\/revisions"}],"predecessor-version":[{"id":1773,"href":"https:\/\/afrontosas.pt\/en\/wp-json\/wp\/v2\/pages\/325\/revisions\/1773"}],"wp:attachment":[{"href":"https:\/\/afrontosas.pt\/en\/wp-json\/wp\/v2\/media?parent=325"}],"curies":[{"name":"wp","href":"https:\/\/api.w.org\/{rel}","templated":true}]}}