{"id":2198,"date":"2026-05-07T15:06:33","date_gmt":"2026-05-07T15:06:33","guid":{"rendered":"https:\/\/afrontosas.pt\/?page_id=2198"},"modified":"2026-05-07T15:12:16","modified_gmt":"2026-05-07T15:12:16","slug":"bixa-bixo","status":"publish","type":"page","link":"https:\/\/afrontosas.pt\/en\/bixa-bixo\/","title":{"rendered":"BIXA BIXO"},"content":{"rendered":"<div data-elementor-type=\"wp-page\" data-elementor-id=\"2198\" class=\"elementor elementor-2198\">\n\t\t\t\t<div class=\"elementor-element elementor-element-69856bdb e-flex e-con-boxed wpr-particle-no wpr-jarallax-no wpr-parallax-no wpr-sticky-section-no e-con e-parent\" data-id=\"69856bdb\" data-element_type=\"container\" data-e-type=\"container\">\n\t\t\t\t\t<div class=\"e-con-inner\">\n\t\t\t\t<div class=\"elementor-element elementor-element-5a69b3ec elementor-widget elementor-widget-text-editor\" data-id=\"5a69b3ec\" data-element_type=\"widget\" data-e-type=\"widget\" data-widget_type=\"text-editor.default\">\n\t\t\t\t<div class=\"elementor-widget-container\">\n\t\t\t\t\t\t\t\t\t<div data-colibri-id=\"749-c1\">\n  <!----><p><\/p>\n<div data-colibri-component=\"section\" data-colibri-id=\"749-c2\">\n    <!----><br>    <!----><p><\/p>\n<div>\n      <!----><p><\/p>\n<div data-colibri-id=\"749-c3\">\n        <!----><p><\/p>\n<div>\n          <!----><p><\/p>\n<div>\n<div data-colibri-id=\"749-c4\">\n              <!----><br>              <!----><p><\/p>\n<div>\n                <!----><p><\/p>\n<div data-colibri-id=\"749-c5\">\n                  <!----><p><\/p>\n<div>\n<h1>BIXA BIXO<\/h1>\n<\/div>\n<\/div>\n<\/div>\n<\/div>\n<\/div>\n<\/div>\n<\/div>\n<div data-colibri-id=\"749-c6\">\n        <!----><p><\/p>\n<div>\n          <!----><p><\/p>\n<div>\n<div data-colibri-id=\"749-c7\">\n<div>\n<div data-colibri-id=\"749-c8\">\n<div>\n<p>Bixa Bixo \u00e9 uma imers\u00e3o art\u00edstica que articula queerness, ecologia e g\u00e9nero por meio de uma abordagem performativa interseccional. A obra investiga alian\u00e7as dissidentes entre corpo, mato e noite, propondo uma express\u00e3o fluida e h\u00edbrida das identidades e das rela\u00e7\u00f5es entre humano e n\u00e3o-humano. A dramaturgia dissolve categorias bin\u00e1rias, construindo uma sintaxe perform\u00e1tica que evidencia a interdepend\u00eancia dos ecossistemas e a multiplicidade dos modos de existir. Entre o bixo, a bixa e o mato, pelo encantamento da noite, emergem corporalidades transumanas, nas quais o corpo queer se reconhece como ecologia viva e indomada. Bixa Bixo mostra-se como pr\u00e1tica est\u00e9tica e pol\u00edtica, reposicionando a natureza como agente ativo de resist\u00eancia.<\/p>\n<p>______________<\/p>\n<p>Cria\u00e7\u00e3o, dire\u00e7\u00e3o art\u00edstica, interpreta\u00e7\u00e3o e cenografia : DIDI, tony omolu, ROD&nbsp;<\/p>\n<p>Cria\u00e7\u00e3o sonora: Xu Lopes<\/p>\n<p>Ilumina\u00e7\u00e3o: Lui L\u2019Abbate&nbsp;<\/p>\n<p>Figurino: Neusa Trovoada&nbsp;<\/p>\n<p>Produ\u00e7\u00e3o: Lysandra Domingues, Amina Bawa&nbsp;<\/p>\n<p>Apoio \u00e0 dramaturgia: Gisela Casimiro&nbsp;<\/p>\n<p>Supervis\u00e3o art\u00edstica : Melissa Rodrigues&nbsp;<\/p>\n<p>Assistente de encena\u00e7\u00e3o: Isabel Zuaa<\/p>\n<p>Apoios \u00e0 Cria\u00e7\u00e3o\/Agradecimentos: Polo Cultural Gaivotas | Boavista, Casa da Dan\u00e7a &#8211; Almada, EVC (resid\u00eancias art\u00edsticas), Associa\u00e7\u00e3o Parasita (resid\u00eancia), CEA &#8211; Moita (resid\u00eancias t\u00e9cnicas), Espa\u00e7o Alkantara, O Espa\u00e7o do Tempo, CAMPUS Paulo Cunha e Silva.<\/p>\n<p>Co-produ\u00e7\u00e3o : Teatro Municipal do Porto<\/p>\n<p>Financiamento: DgArtes<\/p><p>https:\/\/www.festivalddd.com\/current-event\/bixa-bixo\/<\/p>\n<\/div>\n<\/div>\n<\/div>\n<\/div>\n<\/div>\n<\/div>\n<\/div>\n<div data-colibri-id=\"749-c9\">\n<div>\n<div>\n<div data-colibri-id=\"749-c10\">\n<p>              <!----><\/p>\n<div>\n                <!----><p><\/p>\n<div data-colibri-id=\"749-c11\">\n                  <!----><p><\/p>\n<div>\n                    <!----><p><\/p>\n<div>\n<div data-colibri-id=\"749-c12\">\n                        <!----><br>                        <!----><p><\/p>\n<div>\n                          <!----><p><\/p>\n<div data-colibri-id=\"749-c14\">\n                            <!----><p><\/p>\n<div>\n<div>\n                                <!----><br>                                <!----><br>                                <br><p><\/p>\n<div><\/div>\n<\/div>\n<\/div>\n<\/div>\n<\/div>\n<\/div>\n<\/div>\n<div>\n<div data-colibri-id=\"749-c13\">\n<p><br><\/p>\n<\/div>\n<\/div>\n<\/div>\n<\/div>\n<\/div>\n<\/div>\n<\/div>\n<\/div>\n<\/div>\n<\/div>\n<\/div>\n<div data-colibri-component=\"section\" data-colibri-id=\"749-c15\">\n<div>\n<div data-colibri-id=\"749-c16\">\n<div>\n<div>\n<div data-colibri-id=\"749-c17\">\n              <!----><br>              <!----><p><\/p>\n<div>\n                <!----><p><\/p>\n<div data-colibri-id=\"749-c20\">\n                  <!----><p><\/p>\n<div>\n<div><br><\/div>\n<\/div>\n<\/div>\n<\/div>\n<\/div>\n<\/div>\n<div>\n<div data-colibri-id=\"749-c18\">\n<div>\n<div data-colibri-id=\"749-c21\">\n<div>\n<div>\n<div><\/div>\n<\/div>\n<\/div>\n<\/div>\n<\/div>\n<\/div>\n<\/div>\n<\/div>\n<\/div>\n<\/div>\n<\/div>\n<\/div>\t\t\t\t\t\t\t\t<\/div>\n\t\t\t\t<\/div>\n\t\t\t\t\t<\/div>\n\t\t\t\t<\/div>\n\t\t\t\t<\/div>","protected":false},"excerpt":{"rendered":"<p>BIXA BIXO Bixa Bixo \u00e9 uma imers\u00e3o art\u00edstica que articula queerness, ecologia e [&hellip;]<\/p>\n","protected":false},"author":1,"featured_media":0,"parent":0,"menu_order":0,"comment_status":"closed","ping_status":"closed","template":"page-templates\/full-width-page.php","meta":{"footnotes":"","_links_to":"","_links_to_target":""},"class_list":["post-2198","page","type-page","status-publish","hentry"],"_links":{"self":[{"href":"https:\/\/afrontosas.pt\/en\/wp-json\/wp\/v2\/pages\/2198","targetHints":{"allow":["GET"]}}],"collection":[{"href":"https:\/\/afrontosas.pt\/en\/wp-json\/wp\/v2\/pages"}],"about":[{"href":"https:\/\/afrontosas.pt\/en\/wp-json\/wp\/v2\/types\/page"}],"author":[{"embeddable":true,"href":"https:\/\/afrontosas.pt\/en\/wp-json\/wp\/v2\/users\/1"}],"replies":[{"embeddable":true,"href":"https:\/\/afrontosas.pt\/en\/wp-json\/wp\/v2\/comments?post=2198"}],"version-history":[{"count":7,"href":"https:\/\/afrontosas.pt\/en\/wp-json\/wp\/v2\/pages\/2198\/revisions"}],"predecessor-version":[{"id":2207,"href":"https:\/\/afrontosas.pt\/en\/wp-json\/wp\/v2\/pages\/2198\/revisions\/2207"}],"wp:attachment":[{"href":"https:\/\/afrontosas.pt\/en\/wp-json\/wp\/v2\/media?parent=2198"}],"curies":[{"name":"wp","href":"https:\/\/api.w.org\/{rel}","templated":true}]}}